{"id":9188,"date":"2020-12-07T15:59:47","date_gmt":"2020-12-07T14:59:47","guid":{"rendered":"https:\/\/v2.espacegabert.ch\/cart\/"},"modified":"2021-04-16T14:32:13","modified_gmt":"2021-04-16T12:32:13","slug":"cart","status":"publish","type":"page","link":"https:\/\/v2.espacegabert.ch\/en\/cart\/","title":{"rendered":"Shopping Cart"},"content":{"rendered":"<p><img decoding=\"async\" width=\"1920\" height=\"300\" src=\"https:\/\/v2.espacegabert.ch\/wp-content\/uploads\/2021\/02\/header_sans_contact_YA.png\" alt=\"\" loading=\"lazy\" srcset=\"https:\/\/v2.espacegabert.ch\/wp-content\/uploads\/2021\/02\/header_sans_contact_YA.png 1920w, https:\/\/v2.espacegabert.ch\/wp-content\/uploads\/2021\/02\/header_sans_contact_YA-540x84.png 540w, https:\/\/v2.espacegabert.ch\/wp-content\/uploads\/2021\/02\/header_sans_contact_YA-300x47.png 300w, https:\/\/v2.espacegabert.ch\/wp-content\/uploads\/2021\/02\/header_sans_contact_YA-1024x160.png 1024w, https:\/\/v2.espacegabert.ch\/wp-content\/uploads\/2021\/02\/header_sans_contact_YA-768x120.png 768w, https:\/\/v2.espacegabert.ch\/wp-content\/uploads\/2021\/02\/header_sans_contact_YA-1536x240.png 1536w\" sizes=\"(max-width: 1920px) 100vw, 1920px\" \/>\t\t\t\t\t\t\t\t\t\t\t<\/p>\n<form action=\"https:\/\/v2.espacegabert.ch\/panier\/\" method=\"post\">\n<table cellspacing=\"0\">\n<thead>\n<tr>\n<th>&nbsp;<\/th>\n<th>&nbsp;<\/th>\n<th>Produit<\/th>\n<th>Prix<\/th>\n<th>Quantit\u00e9<\/th>\n<th>Sous-total<\/th>\n<\/tr>\n<\/thead>\n<tbody>\n<tr>\n<td>\n\t\t\t\t\t\t\t<a href=\"https:\/\/v2.espacegabert.ch\/en\/cart\/?remove_item=036213f56ea0dac0f4bce19ec2d6038f&#038;_wpnonce=d21abc7dd1\" aria-label=\"Enlever cet \u00e9l\u00e9ment\" data-product_id=\"10403\" data-product_sku=\"Nomad\">&times;<\/a>\t\t\t\t\t\t<\/td>\n<td>\n\t\t\t\t\t\t<a href=\"https:\/\/v2.espacegabert.ch\/en\/produit\/nomad_en\/\"><img decoding=\"async\" width=\"540\" height=\"405\" src=\"https:\/\/v2.espacegabert.ch\/wp-content\/uploads\/2021\/01\/Nomad_Green_01-540x405.png\" alt=\"\" loading=\"lazy\" \/><\/a>\t\t\t\t\t\t<\/td>\n<td data-title=\"Produit\">\n\t\t\t\t\t\t<a href=\"https:\/\/v2.espacegabert.ch\/en\/produit\/nomad_en\/\">Nomad \u2122<\/a>\t\t\t\t\t\t<\/td>\n<td data-title=\"Prix\">\n\t\t\t\t\t\t\t<bdi>&#67;&#72;&#70;&nbsp;275.00<\/bdi>\t\t\t\t\t\t<\/td>\n<td data-title=\"Quantit\u00e9\">\n\t\t\t\t<label for=\"quantity_607983cda636f\">quantit\u00e9 de Nomad \u2122<\/label><br \/>\n\t\t<input\n\t\t\ttype=\"number\"\n\t\t\tid=\"quantity_607983cda636f\"\n\t\t\tclass=\"input-text qty text\"\n\t\t\tstep=\"1\"\n\t\t\tmin=\"0\"\n\t\t\tmax=\"8\"\n\t\t\tname=\"cart[036213f56ea0dac0f4bce19ec2d6038f][qty]\"\n\t\t\tvalue=\"1\"\n\t\t\ttitle=\"Qt\u00e9\"\n\t\t\tsize=\"4\"\n\t\t\tplaceholder=\"\"\n\t\t\tinputmode=\"numeric\" \/>\n\t\t\t\t\t\t\t<\/td>\n<td data-title=\"Sous-total\">\n\t\t\t\t\t\t\t<bdi>&#67;&#72;&#70;&nbsp;275.00<\/bdi>\t\t\t\t\t\t<\/td>\n<\/tr>\n<tr>\n<td colspan=\"6\">\n\t\t\t\t\t\t\t<label for=\"coupon_code\">Code promo\u00a0:<\/label> <input type=\"text\" name=\"coupon_code\" id=\"coupon_code\" value=\"\" placeholder=\"Code promo\" \/> <button type=\"submit\" name=\"apply_coupon\" value=\"Appliquer le code promo\">Appliquer le code promo<\/button><br \/>\n\t\t\t\t\t<button type=\"submit\" name=\"update_cart\" value=\"Mettre \u00e0 jour le panier\">Mettre \u00e0 jour le panier<\/button><br \/>\n\t\t\t\t\t<input type=\"hidden\" id=\"woocommerce-cart-nonce\" name=\"woocommerce-cart-nonce\" value=\"d21abc7dd1\" \/><input type=\"hidden\" name=\"_wp_http_referer\" value=\"\/wp-admin\/admin-ajax.php?_fs_blog_admin=true\" \/>\t\t\t\t<\/td>\n<\/tr>\n<\/tbody>\n<\/table><\/form>\n<h2>Total panier<\/h2>\n<table cellspacing=\"0\">\n<tr>\n<th>Sous-total<\/th>\n<td data-title=\"Sous-total\"><bdi>&#67;&#72;&#70;&nbsp;275.00<\/bdi><\/td>\n<\/tr>\n<tr>\n<th>Exp\u00e9dition<\/th>\n<td data-title=\"Exp\u00e9dition\">\n<ul id=\"shipping_method\">\n<li>\n\t\t\t\t\t\t<input type=\"radio\" name=\"shipping_method[0]\" data-index=\"0\" id=\"shipping_method_0_free_shipping10\" value=\"free_shipping:10\"  checked='checked' \/><label for=\"shipping_method_0_free_shipping10\">Livraison gratuite<\/label>\t\t\t\t\t<\/li>\n<li>\n\t\t\t\t\t\t<input type=\"radio\" name=\"shipping_method[0]\" data-index=\"0\" id=\"shipping_method_0_wbs58992e17_postpac_economic_distribution_en_2_jours_ouvrables_du_lundi_au_vendredi_si_command_avant_16h00\" value=\"wbs:58992e17_postpac_economic_distribution_en_2_jours_ouvrables_du_lundi_au_vendredi_si_command_avant_16h00\"  \/><label for=\"shipping_method_0_wbs58992e17_postpac_economic_distribution_en_2_jours_ouvrables_du_lundi_au_vendredi_si_command_avant_16h00\">Postpac Economic &#8211; distribution en 2 jours ouvrables du lundi au vendredi (si command\u00e9 avant 16h00): <bdi>&#67;&#72;&#70;&nbsp;7.00<\/bdi><\/label>\t\t\t\t\t<\/li>\n<li>\n\t\t\t\t\t\t<input type=\"radio\" name=\"shipping_method[0]\" data-index=\"0\" id=\"shipping_method_0_wbs92948411_postpac_priority_distribu_le_jour_suivant_du_lundi_au_vendredi_si_command_avant_16h00\" value=\"wbs:92948411_postpac_priority_distribu_le_jour_suivant_du_lundi_au_vendredi_si_command_avant_16h00\"  \/><label for=\"shipping_method_0_wbs92948411_postpac_priority_distribu_le_jour_suivant_du_lundi_au_vendredi_si_command_avant_16h00\">Postpac Priority &#8211; Distribu\u00e9 le jour suivant du lundi au vendredi (si command\u00e9 avant 16h00): <bdi>&#67;&#72;&#70;&nbsp;9.00<\/bdi><\/label>\t\t\t\t\t<\/li>\n<li>\n\t\t\t\t\t\t<input type=\"radio\" name=\"shipping_method[0]\" data-index=\"0\" id=\"shipping_method_0_wbs52731f32_swiss_express_lune_distribution_le_jour_ouvrable_suivant_avant_9h00_m_me_le_samedi_si_command_avant_16h00\" value=\"wbs:52731f32_swiss_express_lune_distribution_le_jour_ouvrable_suivant_avant_9h00_m_me_le_samedi_si_command_avant_16h00\"  \/><label for=\"shipping_method_0_wbs52731f32_swiss_express_lune_distribution_le_jour_ouvrable_suivant_avant_9h00_m_me_le_samedi_si_command_avant_16h00\">Swiss-Express Lune &#8211; Distribution le jour ouvrable suivant avant 9h00, m\u00eame le samedi (si command\u00e9 avant 16h00): <bdi>&#67;&#72;&#70;&nbsp;18.00<\/bdi><\/label>\t\t\t\t\t<\/li>\n<\/ul>\n<p>\n\t\t\t\t\tLivraison \u00e0 <strong>Avenue des Libellules 18, 1219 Chatelaine<\/strong>. \t\t\t\t<\/p>\n<form action=\"https:\/\/v2.espacegabert.ch\/panier\/\" method=\"post\">\n\t<a href=\"#\">Modifier l\u2019adresse<\/a><\/p>\n<section style=\"display:none;\">\n<p id=\"calc_shipping_country_field\">\n\t\t\t\t<select name=\"calc_shipping_country\" id=\"calc_shipping_country\" rel=\"calc_shipping_state\"><option value=\"default\">S\u00e9lectionner un pays\/r\u00e9gion\u2026<\/option><option value=\"CH\" selected='selected'>Suisse<\/option><\/select>\n\t\t\t<\/p>\n<p id=\"calc_shipping_state_field\">\n\t\t\t\t\t\t<select name=\"calc_shipping_state\" id=\"calc_shipping_state\" data-placeholder=\"R\u00e9gion\u00a0\/\u00a0D\u00e9partement\"><option value=\"\">S\u00e9lectionner une option\u2026<\/option><option value=\"AG\" >Argovie<\/option><option value=\"AR\" >Appenzell Rhodes-Ext\u00e9rieures<\/option><option value=\"AI\" >Appenzell Rhodes-Int\u00e9rieures<\/option><option value=\"BL\" >B\u00e2le-Campagne<\/option><option value=\"BS\" >B\u00e2le-Ville<\/option><option value=\"BE\" >Berne<\/option><option value=\"FR\" >Fribourg<\/option><option value=\"GE\"  selected='selected'>Gen\u00e8ve<\/option><option value=\"GL\" >Glaris<\/option><option value=\"GR\" >Graub\u00fcnden<\/option><option value=\"JU\" >Jura<\/option><option value=\"LU\" >Lucerne<\/option><option value=\"NE\" >Neuch\u00e2tel<\/option><option value=\"NW\" >Nidwald<\/option><option value=\"OW\" >Obwald<\/option><option value=\"SH\" >Schaffhouse<\/option><option value=\"SZ\" >Schwytz<\/option><option value=\"SO\" >Soleure<\/option><option value=\"SG\" >Saint-Gall<\/option><option value=\"TG\" >Thurgovie<\/option><option value=\"TI\" >Tessin<\/option><option value=\"UR\" >Uri<\/option><option value=\"VS\" >Valais<\/option><option value=\"VD\" >Vaud<\/option><option value=\"ZG\" >Zoug<\/option><option value=\"ZH\" >Z\u00fcrich<\/option><\/select>\n\t\t\t\t\t\t\t\t<\/p>\n<p id=\"calc_shipping_city_field\">\n\t\t\t\t<input type=\"text\" value=\"Chatelaine\" placeholder=\"Ville\" name=\"calc_shipping_city\" id=\"calc_shipping_city\" \/>\n\t\t\t<\/p>\n<p id=\"calc_shipping_postcode_field\">\n\t\t\t\t<input type=\"text\" value=\"1219\" placeholder=\"Code postal\" name=\"calc_shipping_postcode\" id=\"calc_shipping_postcode\" \/>\n\t\t\t<\/p>\n<p><button type=\"submit\" name=\"calc_shipping\" value=\"1\">Mettre \u00e0 jour<\/button><\/p>\n<p>\t\t<input type=\"hidden\" id=\"woocommerce-shipping-calculator-nonce\" name=\"woocommerce-shipping-calculator-nonce\" value=\"21e0a66b51\" \/><input type=\"hidden\" name=\"_wp_http_referer\" value=\"\/wp-admin\/admin-ajax.php?_fs_blog_admin=true\" \/>\t<\/section>\n<\/form>\n<\/td>\n<\/tr>\n<tr>\n<th>Total<\/th>\n<td data-title=\"Total\"><strong><bdi>&#67;&#72;&#70;&nbsp;275.00<\/bdi><\/strong> <small>(dont &#067;&#072;&#070;&nbsp;19.66 TVA 7.7%)<\/small><\/td>\n<\/tr>\n<\/table>\n<p>\t\t\t\t\t\t\t\t<!-- A Stripe Element will be inserted here. --><\/p>\n<p id=\"wc-stripe-payment-request-button-separator\" style=\"margin-top:1.5em;text-align:center;display:none;\">&mdash; OU &mdash;<\/p>\n<p><a href=\"https:\/\/v2.espacegabert.ch\/en\/cart\/checkout\/\"><br \/>\n\tValider la commande<\/a><\/p>\n","protected":false},"excerpt":{"rendered":"<p>&nbsp; &nbsp; Produit Prix Quantit\u00e9 Sous-total &times; Nomad \u2122 &#67;&#72;&#70;&nbsp;275.00 quantit\u00e9 de Nomad \u2122 &#67;&#72;&#70;&nbsp;275.00 Code promo\u00a0: Appliquer le code promo Mettre \u00e0 jour le panier Total panier Sous-total &#67;&#72;&#70;&nbsp;275.00 Exp\u00e9dition Livraison gratuite Postpac Economic &#8211; distribution en 2 jours ouvrables du lundi au vendredi (si command\u00e9 avant 16h00): &#67;&#72;&#70;&nbsp;7.00 Postpac Priority &#8211; Distribu\u00e9 le [&hellip;]<\/p>\n","protected":false},"author":3,"featured_media":0,"parent":0,"menu_order":0,"comment_status":"closed","ping_status":"closed","template":"","meta":{"_acf_changed":false,"_et_pb_use_builder":"","_et_pb_old_content":"","_et_gb_content_width":"","footnotes":""},"class_list":["post-9188","page","type-page","status-publish","hentry"],"acf":[],"_links":{"self":[{"href":"https:\/\/v2.espacegabert.ch\/en\/wp-json\/wp\/v2\/pages\/9188","targetHints":{"allow":["GET"]}}],"collection":[{"href":"https:\/\/v2.espacegabert.ch\/en\/wp-json\/wp\/v2\/pages"}],"about":[{"href":"https:\/\/v2.espacegabert.ch\/en\/wp-json\/wp\/v2\/types\/page"}],"author":[{"embeddable":true,"href":"https:\/\/v2.espacegabert.ch\/en\/wp-json\/wp\/v2\/users\/3"}],"replies":[{"embeddable":true,"href":"https:\/\/v2.espacegabert.ch\/en\/wp-json\/wp\/v2\/comments?post=9188"}],"version-history":[{"count":9,"href":"https:\/\/v2.espacegabert.ch\/en\/wp-json\/wp\/v2\/pages\/9188\/revisions"}],"predecessor-version":[{"id":13798,"href":"https:\/\/v2.espacegabert.ch\/en\/wp-json\/wp\/v2\/pages\/9188\/revisions\/13798"}],"wp:attachment":[{"href":"https:\/\/v2.espacegabert.ch\/en\/wp-json\/wp\/v2\/media?parent=9188"}],"curies":[{"name":"wp","href":"https:\/\/api.w.org\/{rel}","templated":true}]}}